{"id":161,"date":"2025-08-12T15:18:06","date_gmt":"2025-08-12T22:18:06","guid":{"rendered":"https:\/\/estanciadeoro.underconstruction.website\/?page_id=161"},"modified":"2025-08-12T15:39:16","modified_gmt":"2025-08-12T22:39:16","slug":"acerca-de-nosotros","status":"publish","type":"page","link":"https:\/\/estanciadeoro.underconstruction.website\/en\/acerca-de-nosotros\/","title":{"rendered":"Acerca de Nosotros"},"content":{"rendered":"<div data-elementor-type=\"wp-page\" data-elementor-id=\"161\" class=\"elementor elementor-161\" data-elementor-post-type=\"page\">\n\t\t\t\t<div class=\"elementor-element elementor-element-fa7f6b1 e-flex e-con-boxed e-con e-parent\" data-id=\"fa7f6b1\" data-element_type=\"container\" data-settings=\"{&quot;background_background&quot;:&quot;classic&quot;}\">\n\t\t\t\t\t<div class=\"e-con-inner\">\n\t\t<div class=\"elementor-element elementor-element-c84ab88 e-grid e-con-full e-con e-child\" data-id=\"c84ab88\" data-element_type=\"container\">\n\t\t\t\t<div class=\"elementor-element elementor-element-31ffd81 elementor-widget elementor-widget-heading\" data-id=\"31ffd81\" data-element_type=\"widget\" data-widget_type=\"heading.default\">\n\t\t\t\t\t<span class=\"elementor-heading-title elementor-size-default\">Acerca de Nosotros<\/span>\t\t\t\t<\/div>\n\t\t\t\t<div class=\"elementor-element elementor-element-dfc4ad9 elementor-widget elementor-widget-heading\" data-id=\"dfc4ad9\" data-element_type=\"widget\" data-widget_type=\"heading.default\">\n\t\t\t\t\t<span class=\"elementor-heading-title elementor-size-default\">Estancia Los A\u00f1os De Oro<\/span>\t\t\t\t<\/div>\n\t\t\t\t<div class=\"elementor-element elementor-element-b19573d elementor-hidden-mobile elementor-widget elementor-widget-spacer\" data-id=\"b19573d\" data-element_type=\"widget\" data-widget_type=\"spacer.default\">\n\t\t\t\t\t\t\t<div class=\"elementor-spacer\">\n\t\t\t<div class=\"elementor-spacer-inner\"><\/div>\n\t\t<\/div>\n\t\t\t\t\t\t<\/div>\n\t\t\t\t<\/div>\n\t\t\t\t\t<\/div>\n\t\t\t\t<\/div>\n\t\t<div class=\"elementor-element elementor-element-a4c9fdc e-flex e-con-boxed e-con e-parent\" data-id=\"a4c9fdc\" data-element_type=\"container\" data-settings=\"{&quot;background_background&quot;:&quot;classic&quot;}\">\n\t\t\t\t\t<div class=\"e-con-inner\">\n\t\t<div class=\"elementor-element elementor-element-9b8e31f e-con-full e-flex e-con e-child\" data-id=\"9b8e31f\" data-element_type=\"container\">\n\t\t\t\t<div class=\"elementor-element elementor-element-7758749 elementor-widget elementor-widget-image\" data-id=\"7758749\" data-element_type=\"widget\" data-widget_type=\"image.default\">\n\t\t\t\t\t\t\t\t\t\t\t\t\t\t\t<img fetchpriority=\"high\" decoding=\"async\" width=\"300\" height=\"300\" src=\"https:\/\/estanciadeoro.underconstruction.website\/wp-content\/uploads\/2025\/08\/tmp2ilbjggt-300x300.webp\" class=\"attachment-medium size-medium wp-image-62\" alt=\"\" srcset=\"https:\/\/estanciadeoro.underconstruction.website\/wp-content\/uploads\/2025\/08\/tmp2ilbjggt-300x300.webp 300w, https:\/\/estanciadeoro.underconstruction.website\/wp-content\/uploads\/2025\/08\/tmp2ilbjggt-150x150.webp 150w, https:\/\/estanciadeoro.underconstruction.website\/wp-content\/uploads\/2025\/08\/tmp2ilbjggt.webp 750w\" sizes=\"(max-width: 300px) 100vw, 300px\" \/>\t\t\t\t\t\t\t\t\t\t\t\t\t\t\t<\/div>\n\t\t\t\t<div class=\"elementor-element elementor-element-e3d700d elementor-widget elementor-widget-text-editor\" data-id=\"e3d700d\" data-element_type=\"widget\" data-widget_type=\"text-editor.default\">\n\t\t\t\t\t\t\t\t\t<p class=\"translation-block\">Mrs. Carmen G\u00f3mez Mart\u00ednez (1946-2019) founded A\u00f1os de Oro, A.C. in 2005 with the desire to provide a comprehensive service that meets the needs of the Elderly, with respect and kindness.<\/p><p><br \/>Our services are aimed for Seniors with some degree of dependency who require assistance to perform basic daily activities. We work with the highest quality standards to always provide with the best gerontological care and attention.<\/p>\t\t\t\t\t\t\t\t<\/div>\n\t\t\t\t<div class=\"elementor-element elementor-element-ed2cd9c elementor-widget elementor-widget-spacer\" data-id=\"ed2cd9c\" data-element_type=\"widget\" data-widget_type=\"spacer.default\">\n\t\t\t\t\t\t\t<div class=\"elementor-spacer\">\n\t\t\t<div class=\"elementor-spacer-inner\"><\/div>\n\t\t<\/div>\n\t\t\t\t\t\t<\/div>\n\t\t<div class=\"elementor-element elementor-element-79d24f9 e-con-full e-grid e-con e-child\" data-id=\"79d24f9\" data-element_type=\"container\">\n\t\t\t\t<div class=\"elementor-element elementor-element-fd58e5d elementor-widget elementor-widget-image\" data-id=\"fd58e5d\" data-element_type=\"widget\" data-widget_type=\"image.default\">\n\t\t\t\t\t\t\t\t\t\t\t\t\t\t\t<img decoding=\"async\" width=\"300\" height=\"180\" src=\"https:\/\/estanciadeoro.underconstruction.website\/wp-content\/uploads\/2025\/08\/tmpakt85yqf-300x180.webp\" class=\"attachment-medium size-medium wp-image-13\" alt=\"\" srcset=\"https:\/\/estanciadeoro.underconstruction.website\/wp-content\/uploads\/2025\/08\/tmpakt85yqf-300x180.webp 300w, https:\/\/estanciadeoro.underconstruction.website\/wp-content\/uploads\/2025\/08\/tmpakt85yqf.webp 500w\" sizes=\"(max-width: 300px) 100vw, 300px\" \/>\t\t\t\t\t\t\t\t\t\t\t\t\t\t\t<\/div>\n\t\t\t\t<div class=\"elementor-element elementor-element-17c30e4 elementor-widget elementor-widget-text-editor\" data-id=\"17c30e4\" data-element_type=\"widget\" data-widget_type=\"text-editor.default\">\n\t\t\t\t\t\t\t\t\t<p>Hacienda A\u00f1os de Oro es una empresa pionera en el sector. Nos dedicamos a brindar servicios de cuidado integral para el adulto mayor, a trav\u00e9s de programas espec\u00edficos, los cuales se adaptan a las necesidades de las personas de la tercera edad en cada etapa de su vida. As\u00ed mismo, buscamos ser una red de apoyo para los familiares que se encuentran atravesando la dif\u00edcil decisi\u00f3n de dejar a sus seres queridos al cuidado de terceros.<\/p>\t\t\t\t\t\t\t\t<\/div>\n\t\t\t\t<\/div>\n\t\t<div class=\"elementor-element elementor-element-381fab2 e-con-full e-flex e-con e-child\" data-id=\"381fab2\" data-element_type=\"container\">\n\t\t\t\t<div class=\"elementor-element elementor-element-dcbba04 elementor-widget elementor-widget-text-editor\" data-id=\"dcbba04\" data-element_type=\"widget\" data-widget_type=\"text-editor.default\">\n\t\t\t\t\t\t\t\t\t<p>Nos caracterizamos por ser empresa socialmente responsable, entendiendo que el trabajo es m\u00e1s que una actividad f\u00edsica. Nos enorgullece saber que todos aquellos que colaboran con nosotros son parte de la familia A\u00f1os de Oro.<\/p>\t\t\t\t\t\t\t\t<\/div>\n\t\t\t\t<\/div>\n\t\t\t\t<\/div>\n\t\t\t\t\t<\/div>\n\t\t\t\t<\/div>\n\t\t<div class=\"elementor-element elementor-element-436e5dc e-flex e-con-boxed e-con e-parent\" data-id=\"436e5dc\" data-element_type=\"container\">\n\t\t\t\t\t<div class=\"e-con-inner\">\n\t\t\t\t<div class=\"elementor-element elementor-element-6c3d697 elementor-widget elementor-widget-heading\" data-id=\"6c3d697\" data-element_type=\"widget\" data-widget_type=\"heading.default\">\n\t\t\t\t\t<h2 class=\"elementor-heading-title elementor-size-default\">MIEMBRO SOSEMAF.<\/h2>\t\t\t\t<\/div>\n\t\t<div class=\"elementor-element elementor-element-919ca86 e-grid e-con-full e-con e-child\" data-id=\"919ca86\" data-element_type=\"container\">\n\t\t\t\t<div class=\"elementor-element elementor-element-8f49ed3 elementor-widget elementor-widget-text-editor\" data-id=\"8f49ed3\" data-element_type=\"widget\" data-widget_type=\"text-editor.default\">\n\t\t\t\t\t\t\t\t\t<p>Nos caracterizamos por ser empresa socialmente responsable, entendiendo que el trabajo es m\u00e1s que una actividad f\u00edsica. Nos enorgullece saber que todos aquellos que colaboran con nosotros son parte de la familia A\u00f1os de Oro.<\/p>\t\t\t\t\t\t\t\t<\/div>\n\t\t\t\t<div class=\"elementor-element elementor-element-0e8473e elementor-widget elementor-widget-image\" data-id=\"0e8473e\" data-element_type=\"widget\" data-widget_type=\"image.default\">\n\t\t\t\t\t\t\t\t\t\t\t\t\t\t\t<img decoding=\"async\" width=\"800\" height=\"269\" src=\"https:\/\/estanciadeoro.underconstruction.website\/wp-content\/uploads\/2025\/08\/logo-sosemaf.png\" class=\"attachment-large size-large wp-image-157\" alt=\"\" srcset=\"https:\/\/estanciadeoro.underconstruction.website\/wp-content\/uploads\/2025\/08\/logo-sosemaf.png 800w, https:\/\/estanciadeoro.underconstruction.website\/wp-content\/uploads\/2025\/08\/logo-sosemaf-300x101.png 300w, https:\/\/estanciadeoro.underconstruction.website\/wp-content\/uploads\/2025\/08\/logo-sosemaf-768x258.png 768w\" sizes=\"(max-width: 800px) 100vw, 800px\" \/>\t\t\t\t\t\t\t\t\t\t\t\t\t\t\t<\/div>\n\t\t\t\t<\/div>\n\t\t\t\t<div class=\"elementor-element elementor-element-655e56e elementor-widget elementor-widget-spacer\" data-id=\"655e56e\" data-element_type=\"widget\" data-widget_type=\"spacer.default\">\n\t\t\t\t\t\t\t<div class=\"elementor-spacer\">\n\t\t\t<div class=\"elementor-spacer-inner\"><\/div>\n\t\t<\/div>\n\t\t\t\t\t\t<\/div>\n\t\t\t\t<div class=\"elementor-element elementor-element-d7d72ff elementor-align-center elementor-widget elementor-widget-button\" data-id=\"d7d72ff\" data-element_type=\"widget\" data-widget_type=\"button.default\">\n\t\t\t\t\t\t\t\t\t\t<a class=\"elementor-button elementor-button-link elementor-size-sm\" href=\"#\">\n\t\t\t\t\t\t<span class=\"elementor-button-content-wrapper\">\n\t\t\t\t\t\t\t\t\t<span class=\"elementor-button-text\">Request a Personalized Care Plan!<\/span>\n\t\t\t\t\t<\/span>\n\t\t\t\t\t<\/a>\n\t\t\t\t\t\t\t\t<\/div>\n\t\t\t\t\t<\/div>\n\t\t\t\t<\/div>\n\t\t<div class=\"elementor-element elementor-element-708273e e-flex e-con-boxed e-con e-parent\" data-id=\"708273e\" data-element_type=\"container\">\n\t\t\t\t\t<div class=\"e-con-inner\">\n\t\t\t\t\t<\/div>\n\t\t\t\t<\/div>\n\t\t\t\t<\/div>","protected":false},"excerpt":{"rendered":"<p>Acerca de Nosotros Estancia Los A\u00f1os De Oro La Sra. Carmen G\u00f3mez Mart\u00ednez (1946-2019\u271f) fundo Estancia los A\u00f1os de Oro, en el a\u00f1o 2005 con el anhelo de brindar un servicio integral que satisfaga las necesidades del Adulto Mayor, con Calidad y Calidez Humana. Nuestros servicios est\u00e1n dirigidos a las personas a los Adultos Mayores [&hellip;]<\/p>","protected":false},"author":1,"featured_media":0,"parent":0,"menu_order":0,"comment_status":"closed","ping_status":"closed","template":"elementor_header_footer","meta":{"footnotes":""},"class_list":["post-161","page","type-page","status-publish","hentry"],"_links":{"self":[{"href":"https:\/\/estanciadeoro.underconstruction.website\/en\/wp-json\/wp\/v2\/pages\/161","targetHints":{"allow":["GET"]}}],"collection":[{"href":"https:\/\/estanciadeoro.underconstruction.website\/en\/wp-json\/wp\/v2\/pages"}],"about":[{"href":"https:\/\/estanciadeoro.underconstruction.website\/en\/wp-json\/wp\/v2\/types\/page"}],"author":[{"embeddable":true,"href":"https:\/\/estanciadeoro.underconstruction.website\/en\/wp-json\/wp\/v2\/users\/1"}],"replies":[{"embeddable":true,"href":"https:\/\/estanciadeoro.underconstruction.website\/en\/wp-json\/wp\/v2\/comments?post=161"}],"version-history":[{"count":0,"href":"https:\/\/estanciadeoro.underconstruction.website\/en\/wp-json\/wp\/v2\/pages\/161\/revisions"}],"wp:attachment":[{"href":"https:\/\/estanciadeoro.underconstruction.website\/en\/wp-json\/wp\/v2\/media?parent=161"}],"curies":[{"name":"wp","href":"https:\/\/api.w.org\/{rel}","templated":true}]}}