{"id":177,"date":"2025-08-12T15:39:51","date_gmt":"2025-08-12T22:39:51","guid":{"rendered":"https:\/\/estanciadeoro.underconstruction.website\/?page_id=177"},"modified":"2025-08-21T15:22:45","modified_gmt":"2025-08-21T22:22:45","slug":"servicios-y-programas","status":"publish","type":"page","link":"https:\/\/estanciadeoro.underconstruction.website\/en\/servicios-y-programas\/","title":{"rendered":"Servicios \/ Programas"},"content":{"rendered":"<div data-elementor-type=\"wp-page\" data-elementor-id=\"177\" class=\"elementor elementor-177\" data-elementor-post-type=\"page\">\n\t\t\t\t<div class=\"elementor-element elementor-element-fa7f6b1 e-flex e-con-boxed e-con e-parent\" data-id=\"fa7f6b1\" data-element_type=\"container\" data-settings=\"{&quot;background_background&quot;:&quot;classic&quot;}\">\n\t\t\t\t\t<div class=\"e-con-inner\">\n\t\t<div class=\"elementor-element elementor-element-c84ab88 e-grid e-con-full e-con e-child\" data-id=\"c84ab88\" data-element_type=\"container\">\n\t\t\t\t<div class=\"elementor-element elementor-element-31ffd81 elementor-widget elementor-widget-heading\" data-id=\"31ffd81\" data-element_type=\"widget\" data-widget_type=\"heading.default\">\n\t\t\t\t\t<span class=\"elementor-heading-title elementor-size-default\">Nuestros Servicios<\/span>\t\t\t\t<\/div>\n\t\t\t\t<div class=\"elementor-element elementor-element-dfc4ad9 elementor-widget elementor-widget-heading\" data-id=\"dfc4ad9\" data-element_type=\"widget\" data-widget_type=\"heading.default\">\n\t\t\t\t\t<span class=\"elementor-heading-title elementor-size-default\">Estancia Los A\u00f1os De Oro<\/span>\t\t\t\t<\/div>\n\t\t\t\t<div class=\"elementor-element elementor-element-b19573d elementor-hidden-mobile elementor-widget elementor-widget-spacer\" data-id=\"b19573d\" data-element_type=\"widget\" data-widget_type=\"spacer.default\">\n\t\t\t\t\t\t\t<div class=\"elementor-spacer\">\n\t\t\t<div class=\"elementor-spacer-inner\"><\/div>\n\t\t<\/div>\n\t\t\t\t\t\t<\/div>\n\t\t\t\t<\/div>\n\t\t\t\t\t<\/div>\n\t\t\t\t<\/div>\n\t\t<div class=\"elementor-element elementor-element-436e5dc e-flex e-con-boxed e-con e-parent\" data-id=\"436e5dc\" data-element_type=\"container\">\n\t\t\t\t\t<div class=\"e-con-inner\">\n\t\t\t\t<div class=\"elementor-element elementor-element-2827df7 elementor-widget elementor-widget-spacer\" data-id=\"2827df7\" data-element_type=\"widget\" data-widget_type=\"spacer.default\">\n\t\t\t\t\t\t\t<div class=\"elementor-spacer\">\n\t\t\t<div class=\"elementor-spacer-inner\"><\/div>\n\t\t<\/div>\n\t\t\t\t\t\t<\/div>\n\t\t\t\t<div class=\"elementor-element elementor-element-6c3d697 elementor-widget elementor-widget-heading\" data-id=\"6c3d697\" data-element_type=\"widget\" data-widget_type=\"heading.default\">\n\t\t\t\t\t<h2 class=\"elementor-heading-title elementor-size-default\">TODOS NUESTROS SERVICIO INCLUYEN:<\/h2>\t\t\t\t<\/div>\n\t\t<div class=\"elementor-element elementor-element-919ca86 e-grid e-con-full e-con e-child\" data-id=\"919ca86\" data-element_type=\"container\">\n\t\t\t\t<div class=\"elementor-element elementor-element-8f49ed3 elementor-widget elementor-widget-text-editor\" data-id=\"8f49ed3\" data-element_type=\"widget\" data-widget_type=\"text-editor.default\">\n\t\t\t\t\t\t\t\t\t<ul><li>Programa de atenci\u00f3n diario<\/li><li><strong>Supervisi\u00f3n y Cuidado 24 hrs<\/strong><\/li><li>Cuidados b\u00e1sicos de enfermer\u00eda y suministro de medicamentos<\/li><li>Productos b\u00e1sicos de higiene general<\/li><li><strong>Alimentaci\u00f3n balanceada<\/strong><\/li><li>Habitaci\u00f3n compartida con ropa de cama acorde a la temporada<\/li><li><strong>Servicio de lavander\u00eda y aseo diario<\/strong><\/li><li>Actividades recreativas<\/li><li>Calendario cumplea\u00f1os y celebraciones<\/li><li><strong>Instalaciones seguras<\/strong><\/li><li>Personal capacitado<\/li><\/ul>\t\t\t\t\t\t\t\t<\/div>\n\t\t\t\t<div class=\"elementor-element elementor-element-0e8473e elementor-widget elementor-widget-image\" data-id=\"0e8473e\" data-element_type=\"widget\" data-widget_type=\"image.default\">\n\t\t\t\t\t\t\t\t\t\t\t\t\t\t\t<img fetchpriority=\"high\" decoding=\"async\" width=\"500\" height=\"300\" src=\"https:\/\/estanciadeoro.underconstruction.website\/wp-content\/uploads\/2025\/08\/tmpakt85yqf-1.webp\" class=\"attachment-large size-large wp-image-163\" alt=\"\" srcset=\"https:\/\/estanciadeoro.underconstruction.website\/wp-content\/uploads\/2025\/08\/tmpakt85yqf-1.webp 500w, https:\/\/estanciadeoro.underconstruction.website\/wp-content\/uploads\/2025\/08\/tmpakt85yqf-1-300x180.webp 300w\" sizes=\"(max-width: 500px) 100vw, 500px\" \/>\t\t\t\t\t\t\t\t\t\t\t\t\t\t\t<\/div>\n\t\t\t\t<\/div>\n\t\t\t\t<div class=\"elementor-element elementor-element-655e56e elementor-widget elementor-widget-spacer\" data-id=\"655e56e\" data-element_type=\"widget\" data-widget_type=\"spacer.default\">\n\t\t\t\t\t\t\t<div class=\"elementor-spacer\">\n\t\t\t<div class=\"elementor-spacer-inner\"><\/div>\n\t\t<\/div>\n\t\t\t\t\t\t<\/div>\n\t\t\t\t<div class=\"elementor-element elementor-element-d7d72ff elementor-align-center elementor-widget elementor-widget-button\" data-id=\"d7d72ff\" data-element_type=\"widget\" data-widget_type=\"button.default\">\n\t\t\t\t\t\t\t\t\t\t<a class=\"elementor-button elementor-button-link elementor-size-sm\" href=\"#\">\n\t\t\t\t\t\t<span class=\"elementor-button-content-wrapper\">\n\t\t\t\t\t\t\t\t\t<span class=\"elementor-button-text\">Request a Personalized Care Plan!<\/span>\n\t\t\t\t\t<\/span>\n\t\t\t\t\t<\/a>\n\t\t\t\t\t\t\t\t<\/div>\n\t\t\t\t\t<\/div>\n\t\t\t\t<\/div>\n\t\t<div class=\"elementor-element elementor-element-99d7dc8 e-flex e-con-boxed e-con e-parent\" data-id=\"99d7dc8\" data-element_type=\"container\">\n\t\t\t\t\t<div class=\"e-con-inner\">\n\t\t<div class=\"elementor-element elementor-element-49306c5 e-con-full e-flex e-con e-child\" data-id=\"49306c5\" data-element_type=\"container\">\n\t\t\t\t<div class=\"elementor-element elementor-element-1a5930d elementor-widget elementor-widget-spacer\" data-id=\"1a5930d\" data-element_type=\"widget\" data-widget_type=\"spacer.default\">\n\t\t\t\t\t\t\t<div class=\"elementor-spacer\">\n\t\t\t<div class=\"elementor-spacer-inner\"><\/div>\n\t\t<\/div>\n\t\t\t\t\t\t<\/div>\n\t\t\t\t<div class=\"elementor-element elementor-element-df1f4f6 elementor-widget elementor-widget-heading\" data-id=\"df1f4f6\" data-element_type=\"widget\" data-widget_type=\"heading.default\">\n\t\t\t\t\t<h2 class=\"elementor-heading-title elementor-size-default\">ESTANCIA PERMANENTE<\/h2>\t\t\t\t<\/div>\n\t\t\t\t<div class=\"elementor-element elementor-element-8cb9974 elementor-widget elementor-widget-text-editor\" data-id=\"8cb9974\" data-element_type=\"widget\" data-widget_type=\"text-editor.default\">\n\t\t\t\t\t\t\t\t\t<p>Este servicio se ofrece a personas a los Adultos Mayores que tienen limitaciones propias de la edad. Sin embargo, se consideran independientes y todav\u00eda pueden realizar actividades diarias b\u00e1sicas como: alimentarse por s\u00ed mismos, ir al ba\u00f1o, caminar y moverse, comunicarse, etc. Pero requieren supervisi\u00f3n constante<\/p>\t\t\t\t\t\t\t\t<\/div>\n\t\t\t\t<\/div>\n\t\t<div class=\"elementor-element elementor-element-7ebc8b5 e-con-full e-flex e-con e-child\" data-id=\"7ebc8b5\" data-element_type=\"container\">\n\t\t\t\t<div class=\"elementor-element elementor-element-2c5ecb4 elementor-widget elementor-widget-image\" data-id=\"2c5ecb4\" data-element_type=\"widget\" data-widget_type=\"image.default\">\n\t\t\t\t\t\t\t\t\t\t\t\t\t\t\t<img decoding=\"async\" width=\"465\" height=\"331\" src=\"https:\/\/estanciadeoro.underconstruction.website\/wp-content\/uploads\/2025\/08\/tmpnn3r8nri.webp\" class=\"attachment-large size-large wp-image-167\" alt=\"\" srcset=\"https:\/\/estanciadeoro.underconstruction.website\/wp-content\/uploads\/2025\/08\/tmpnn3r8nri.webp 465w, https:\/\/estanciadeoro.underconstruction.website\/wp-content\/uploads\/2025\/08\/tmpnn3r8nri-300x214.webp 300w\" sizes=\"(max-width: 465px) 100vw, 465px\" \/>\t\t\t\t\t\t\t\t\t\t\t\t\t\t\t<\/div>\n\t\t\t\t<\/div>\n\t\t\t\t\t<\/div>\n\t\t\t\t<\/div>\n\t\t<div class=\"elementor-element elementor-element-f9a7ee3 e-flex e-con-boxed e-con e-parent\" data-id=\"f9a7ee3\" data-element_type=\"container\">\n\t\t\t\t\t<div class=\"e-con-inner\">\n\t\t<div class=\"elementor-element elementor-element-a0af5f2 e-con-full e-flex e-con e-child\" data-id=\"a0af5f2\" data-element_type=\"container\">\n\t\t\t\t<div class=\"elementor-element elementor-element-418359c elementor-widget elementor-widget-image\" data-id=\"418359c\" data-element_type=\"widget\" data-widget_type=\"image.default\">\n\t\t\t\t\t\t\t\t\t\t\t\t\t\t\t<img decoding=\"async\" width=\"465\" height=\"331\" src=\"https:\/\/estanciadeoro.underconstruction.website\/wp-content\/uploads\/2025\/08\/tmpz2ykz5zf.webp\" class=\"attachment-large size-large wp-image-168\" alt=\"\" srcset=\"https:\/\/estanciadeoro.underconstruction.website\/wp-content\/uploads\/2025\/08\/tmpz2ykz5zf.webp 465w, https:\/\/estanciadeoro.underconstruction.website\/wp-content\/uploads\/2025\/08\/tmpz2ykz5zf-300x214.webp 300w\" sizes=\"(max-width: 465px) 100vw, 465px\" \/>\t\t\t\t\t\t\t\t\t\t\t\t\t\t\t<\/div>\n\t\t\t\t<\/div>\n\t\t<div class=\"elementor-element elementor-element-af35435 e-con-full e-flex e-con e-child\" data-id=\"af35435\" data-element_type=\"container\">\n\t\t\t\t<div class=\"elementor-element elementor-element-51e96e0 elementor-widget elementor-widget-spacer\" data-id=\"51e96e0\" data-element_type=\"widget\" data-widget_type=\"spacer.default\">\n\t\t\t\t\t\t\t<div class=\"elementor-spacer\">\n\t\t\t<div class=\"elementor-spacer-inner\"><\/div>\n\t\t<\/div>\n\t\t\t\t\t\t<\/div>\n\t\t\t\t<div class=\"elementor-element elementor-element-3040979 elementor-widget elementor-widget-heading\" data-id=\"3040979\" data-element_type=\"widget\" data-widget_type=\"heading.default\">\n\t\t\t\t\t<h2 class=\"elementor-heading-title elementor-size-default\">ESTANCIA TEMPORAL<\/h2>\t\t\t\t<\/div>\n\t\t\t\t<div class=\"elementor-element elementor-element-053924c elementor-widget elementor-widget-text-editor\" data-id=\"053924c\" data-element_type=\"widget\" data-widget_type=\"text-editor.default\">\n\t\t\t\t\t\t\t\t\t<p>Este servicio se ofrece a personas a los Adultos Mayores que tienen limitaciones propias de la edad. Sin embargo, se consideran independientes y todav\u00eda pueden realizar actividades diarias b\u00e1sicas como: alimentarse por s\u00ed mismos, ir al ba\u00f1o, caminar y moverse, comunicarse, etc. Pero requieren supervisi\u00f3n constante<\/p>\t\t\t\t\t\t\t\t<\/div>\n\t\t\t\t<\/div>\n\t\t\t\t\t<\/div>\n\t\t\t\t<\/div>\n\t\t<div class=\"elementor-element elementor-element-c947fe3 e-flex e-con-boxed e-con e-parent\" data-id=\"c947fe3\" data-element_type=\"container\">\n\t\t\t\t\t<div class=\"e-con-inner\">\n\t\t<div class=\"elementor-element elementor-element-5392501 e-con-full e-flex e-con e-child\" data-id=\"5392501\" data-element_type=\"container\">\n\t\t\t\t<div class=\"elementor-element elementor-element-fe8c1ac elementor-widget elementor-widget-spacer\" data-id=\"fe8c1ac\" data-element_type=\"widget\" data-widget_type=\"spacer.default\">\n\t\t\t\t\t\t\t<div class=\"elementor-spacer\">\n\t\t\t<div class=\"elementor-spacer-inner\"><\/div>\n\t\t<\/div>\n\t\t\t\t\t\t<\/div>\n\t\t\t\t<div class=\"elementor-element elementor-element-ac3a060 elementor-widget elementor-widget-heading\" data-id=\"ac3a060\" data-element_type=\"widget\" data-widget_type=\"heading.default\">\n\t\t\t\t\t<h2 class=\"elementor-heading-title elementor-size-default\">ESTANCIA DE DIA<\/h2>\t\t\t\t<\/div>\n\t\t\t\t<div class=\"elementor-element elementor-element-4f8c383 elementor-widget elementor-widget-text-editor\" data-id=\"4f8c383\" data-element_type=\"widget\" data-widget_type=\"text-editor.default\">\n\t\t\t\t\t\t\t\t\t<p>Es un programa de cuidado y acompa\u00f1amiento durante el d\u00eda, que le permite al Adulto Mayor ser parte, compartir, integrarse, disfrutar e interactuar con otras personas de la tercera edad, en un ambiente cuidado y asistido por personal capacitado.<\/p>\t\t\t\t\t\t\t\t<\/div>\n\t\t\t\t<\/div>\n\t\t<div class=\"elementor-element elementor-element-77d6a32 e-con-full e-flex e-con e-child\" data-id=\"77d6a32\" data-element_type=\"container\">\n\t\t\t\t<div class=\"elementor-element elementor-element-77f97a9 elementor-widget elementor-widget-image\" data-id=\"77f97a9\" data-element_type=\"widget\" data-widget_type=\"image.default\">\n\t\t\t\t\t\t\t\t\t\t\t\t\t\t\t<img loading=\"lazy\" decoding=\"async\" width=\"465\" height=\"331\" src=\"https:\/\/estanciadeoro.underconstruction.website\/wp-content\/uploads\/2025\/08\/tmpma2o80qu.webp\" class=\"attachment-large size-large wp-image-241\" alt=\"\" srcset=\"https:\/\/estanciadeoro.underconstruction.website\/wp-content\/uploads\/2025\/08\/tmpma2o80qu.webp 465w, https:\/\/estanciadeoro.underconstruction.website\/wp-content\/uploads\/2025\/08\/tmpma2o80qu-300x214.webp 300w, https:\/\/estanciadeoro.underconstruction.website\/wp-content\/uploads\/2025\/08\/tmpma2o80qu-18x12.webp 18w\" sizes=\"(max-width: 465px) 100vw, 465px\" \/>\t\t\t\t\t\t\t\t\t\t\t\t\t\t\t<\/div>\n\t\t\t\t<\/div>\n\t\t\t\t\t<\/div>\n\t\t\t\t<\/div>\n\t\t<div class=\"elementor-element elementor-element-ff683b8 e-flex e-con-boxed e-con e-parent\" data-id=\"ff683b8\" data-element_type=\"container\">\n\t\t\t\t\t<div class=\"e-con-inner\">\n\t\t<div class=\"elementor-element elementor-element-5eb2f7d e-con-full e-flex e-con e-child\" data-id=\"5eb2f7d\" data-element_type=\"container\">\n\t\t\t\t<div class=\"elementor-element elementor-element-2e77531 elementor-widget elementor-widget-image\" data-id=\"2e77531\" data-element_type=\"widget\" data-widget_type=\"image.default\">\n\t\t\t\t\t\t\t\t\t\t\t\t\t\t\t<img loading=\"lazy\" decoding=\"async\" width=\"465\" height=\"331\" src=\"https:\/\/estanciadeoro.underconstruction.website\/wp-content\/uploads\/2025\/08\/tmp1dzj39ok.webp\" class=\"attachment-large size-large wp-image-165\" alt=\"\" srcset=\"https:\/\/estanciadeoro.underconstruction.website\/wp-content\/uploads\/2025\/08\/tmp1dzj39ok.webp 465w, https:\/\/estanciadeoro.underconstruction.website\/wp-content\/uploads\/2025\/08\/tmp1dzj39ok-300x214.webp 300w\" sizes=\"(max-width: 465px) 100vw, 465px\" \/>\t\t\t\t\t\t\t\t\t\t\t\t\t\t\t<\/div>\n\t\t\t\t<\/div>\n\t\t<div class=\"elementor-element elementor-element-dba33b5 e-con-full e-flex e-con e-child\" data-id=\"dba33b5\" data-element_type=\"container\">\n\t\t\t\t<div class=\"elementor-element elementor-element-82a7f8e elementor-widget elementor-widget-spacer\" data-id=\"82a7f8e\" data-element_type=\"widget\" data-widget_type=\"spacer.default\">\n\t\t\t\t\t\t\t<div class=\"elementor-spacer\">\n\t\t\t<div class=\"elementor-spacer-inner\"><\/div>\n\t\t<\/div>\n\t\t\t\t\t\t<\/div>\n\t\t\t\t<div class=\"elementor-element elementor-element-c4de9b3 elementor-widget elementor-widget-heading\" data-id=\"c4de9b3\" data-element_type=\"widget\" data-widget_type=\"heading.default\">\n\t\t\t\t\t<h2 class=\"elementor-heading-title elementor-size-default\">ALZHEIMER Y OTRAS DEMENCIAS<\/h2>\t\t\t\t<\/div>\n\t\t\t\t<div class=\"elementor-element elementor-element-ac56fbd elementor-widget elementor-widget-text-editor\" data-id=\"ac56fbd\" data-element_type=\"widget\" data-widget_type=\"text-editor.default\">\n\t\t\t\t\t\t\t\t\t<p>Este servicio est\u00e1 orientado para personas que presentan limitaciones propias del Alzheimer o alg\u00fan otro tipo de demencia, que no solo no pueden realizar actividades cotidianas b\u00e1sicas, sino, que tienen dificultad para comunicarse, comprender, recordar o retener informaci\u00f3n. Y por ello son dependientes de la asistencia. Para comer, ir al ba\u00f1o, caminar y moverse, etc.<\/p>\t\t\t\t\t\t\t\t<\/div>\n\t\t\t\t<\/div>\n\t\t\t\t\t<\/div>\n\t\t\t\t<\/div>\n\t\t<div class=\"elementor-element elementor-element-aab6bc3 e-flex e-con-boxed e-con e-parent\" data-id=\"aab6bc3\" data-element_type=\"container\">\n\t\t\t\t\t<div class=\"e-con-inner\">\n\t\t<div class=\"elementor-element elementor-element-c2538ce e-con-full e-flex e-con e-child\" data-id=\"c2538ce\" data-element_type=\"container\">\n\t\t\t\t<div class=\"elementor-element elementor-element-1f3466e elementor-widget elementor-widget-spacer\" data-id=\"1f3466e\" data-element_type=\"widget\" data-widget_type=\"spacer.default\">\n\t\t\t\t\t\t\t<div class=\"elementor-spacer\">\n\t\t\t<div class=\"elementor-spacer-inner\"><\/div>\n\t\t<\/div>\n\t\t\t\t\t\t<\/div>\n\t\t\t\t<div class=\"elementor-element elementor-element-3cf989c elementor-widget elementor-widget-heading\" data-id=\"3cf989c\" data-element_type=\"widget\" data-widget_type=\"heading.default\">\n\t\t\t\t\t<h2 class=\"elementor-heading-title elementor-size-default\">CUIDADADOS PALIATIVOS<\/h2>\t\t\t\t<\/div>\n\t\t\t\t<div class=\"elementor-element elementor-element-f31e91a elementor-widget elementor-widget-text-editor\" data-id=\"f31e91a\" data-element_type=\"widget\" data-widget_type=\"text-editor.default\">\n\t\t\t\t\t\t\t\t\t<p>Son cuidados especializados para aquellas personas que tienen alg\u00fan diagn\u00f3stico delicado o se encuentran en estado terminal. Los cuidados est\u00e1n orientados a mantener el estado de salud a trav\u00e9s de cuidados espec\u00edficos, as\u00ed como reducir o eliminar el dolor y la inconformidad f\u00edsica.<\/p>\t\t\t\t\t\t\t\t<\/div>\n\t\t\t\t<\/div>\n\t\t<div class=\"elementor-element elementor-element-b04de4f e-con-full e-flex e-con e-child\" data-id=\"b04de4f\" data-element_type=\"container\">\n\t\t\t\t<div class=\"elementor-element elementor-element-137baaa elementor-widget elementor-widget-image\" data-id=\"137baaa\" data-element_type=\"widget\" data-widget_type=\"image.default\">\n\t\t\t\t\t\t\t\t\t\t\t\t\t\t\t<img loading=\"lazy\" decoding=\"async\" width=\"465\" height=\"331\" src=\"https:\/\/estanciadeoro.underconstruction.website\/wp-content\/uploads\/2025\/08\/tmpw21o7r58.webp\" class=\"attachment-large size-large wp-image-242\" alt=\"\" srcset=\"https:\/\/estanciadeoro.underconstruction.website\/wp-content\/uploads\/2025\/08\/tmpw21o7r58.webp 465w, https:\/\/estanciadeoro.underconstruction.website\/wp-content\/uploads\/2025\/08\/tmpw21o7r58-300x214.webp 300w, https:\/\/estanciadeoro.underconstruction.website\/wp-content\/uploads\/2025\/08\/tmpw21o7r58-18x12.webp 18w\" sizes=\"(max-width: 465px) 100vw, 465px\" \/>\t\t\t\t\t\t\t\t\t\t\t\t\t\t\t<\/div>\n\t\t\t\t<\/div>\n\t\t\t\t\t<\/div>\n\t\t\t\t<\/div>\n\t\t\t\t<\/div>","protected":false},"excerpt":{"rendered":"<p>Nuestros Servicios Estancia Los A\u00f1os De Oro TODOS NUESTROS SERVICIO INCLUYEN: Programa de atenci\u00f3n diario Supervisi\u00f3n y Cuidado 24 hrs Cuidados b\u00e1sicos de enfermer\u00eda y suministro de medicamentos Productos b\u00e1sicos de higiene general Alimentaci\u00f3n balanceada Habitaci\u00f3n compartida con ropa de cama acorde a la temporada Servicio de lavander\u00eda y aseo diario Actividades recreativas Calendario cumplea\u00f1os [&hellip;]<\/p>","protected":false},"author":1,"featured_media":0,"parent":0,"menu_order":0,"comment_status":"closed","ping_status":"closed","template":"elementor_header_footer","meta":{"footnotes":""},"class_list":["post-177","page","type-page","status-publish","hentry"],"_links":{"self":[{"href":"https:\/\/estanciadeoro.underconstruction.website\/en\/wp-json\/wp\/v2\/pages\/177","targetHints":{"allow":["GET"]}}],"collection":[{"href":"https:\/\/estanciadeoro.underconstruction.website\/en\/wp-json\/wp\/v2\/pages"}],"about":[{"href":"https:\/\/estanciadeoro.underconstruction.website\/en\/wp-json\/wp\/v2\/types\/page"}],"author":[{"embeddable":true,"href":"https:\/\/estanciadeoro.underconstruction.website\/en\/wp-json\/wp\/v2\/users\/1"}],"replies":[{"embeddable":true,"href":"https:\/\/estanciadeoro.underconstruction.website\/en\/wp-json\/wp\/v2\/comments?post=177"}],"version-history":[{"count":0,"href":"https:\/\/estanciadeoro.underconstruction.website\/en\/wp-json\/wp\/v2\/pages\/177\/revisions"}],"wp:attachment":[{"href":"https:\/\/estanciadeoro.underconstruction.website\/en\/wp-json\/wp\/v2\/media?parent=177"}],"curies":[{"name":"wp","href":"https:\/\/api.w.org\/{rel}","templated":true}]}}